{"id":9008,"date":"2026-02-26T17:48:57","date_gmt":"2026-02-26T17:48:57","guid":{"rendered":"https:\/\/bgixoye.com\/?page_id=9008"},"modified":"2026-04-10T22:20:55","modified_gmt":"2026-04-10T22:20:55","slug":"ecosistemas-digitales","status":"publish","type":"page","link":"https:\/\/bgixoye.com\/eng\/ecosistemas-digitales\/","title":{"rendered":"2026 Ecosistemas digitales"},"content":{"rendered":"<div data-elementor-type=\"wp-page\" data-elementor-id=\"9008\" class=\"elementor elementor-9008\">\n\t\t\t\t\t\t\t<div class=\"elementor-element elementor-element-e533377 e-container--column e-container\" data-id=\"e533377\" data-element_type=\"container\" data-settings=\"{&quot;background_background&quot;:&quot;classic&quot;}\">\t\t<div class=\"elementor-element elementor-element-05632e5 e-container--row e-container\" data-id=\"05632e5\" data-element_type=\"container\">\t\t<div class=\"elementor-element elementor-element-7f1882d e-container--column elementor-invisible e-container\" data-id=\"7f1882d\" data-element_type=\"container\" data-settings=\"{&quot;animation&quot;:&quot;slideInLeft&quot;}\">\t\t\t\t<div class=\"elementor-element elementor-element-bc4bbb8 elementor-widget elementor-widget-heading\" data-id=\"bc4bbb8\" data-element_type=\"widget\" data-widget_type=\"heading.default\">\n\t\t\t\t<div class=\"elementor-widget-container\">\n\t\t\t<style>\/*! elementor - v3.7.8 - 02-10-2022 *\/\n.elementor-heading-title{padding:0;margin:0;line-height:1}.elementor-widget-heading .elementor-heading-title[class*=elementor-size-]>a{color:inherit;font-size:inherit;line-height:inherit}.elementor-widget-heading .elementor-heading-title.elementor-size-small{font-size:15px}.elementor-widget-heading .elementor-heading-title.elementor-size-medium{font-size:19px}.elementor-widget-heading .elementor-heading-title.elementor-size-large{font-size:29px}.elementor-widget-heading .elementor-heading-title.elementor-size-xl{font-size:39px}.elementor-widget-heading .elementor-heading-title.elementor-size-xxl{font-size:59px}<\/style><h2 class=\"elementor-heading-title elementor-size-default\">Ecosistemas Digitales para la Industria Farmac\u00e9utica<\/h2>\t\t<\/div>\n\t\t\t\t<\/div>\n\t\t\t\t<div class=\"elementor-element elementor-element-deba37c elementor-widget elementor-widget-text-editor\" data-id=\"deba37c\" data-element_type=\"widget\" data-widget_type=\"text-editor.default\">\n\t\t\t\t<div class=\"elementor-widget-container\">\n\t\t\t<style>\/*! elementor - v3.7.8 - 02-10-2022 *\/\n.elementor-widget-text-editor.elementor-drop-cap-view-stacked .elementor-drop-cap{background-color:#818a91;color:#fff}.elementor-widget-text-editor.elementor-drop-cap-view-framed .elementor-drop-cap{color:#818a91;border:3px solid;background-color:transparent}.elementor-widget-text-editor:not(.elementor-drop-cap-view-default) .elementor-drop-cap{margin-top:8px}.elementor-widget-text-editor:not(.elementor-drop-cap-view-default) .elementor-drop-cap-letter{width:1em;height:1em}.elementor-widget-text-editor .elementor-drop-cap{float:left;text-align:center;line-height:1;font-size:50px}.elementor-widget-text-editor .elementor-drop-cap-letter{display:inline-block}<\/style>\t\t\t\t<p><span data-scheme-color=\"@FFFFFF,0,\" data-usefontface=\"true\" data-contrast=\"none\" class=\"TextRun SCXP193220788 BCX0\" xml:lang=\"ES-MX\" lang=\"ES-MX\"><span class=\"NormalTextRun SCXP193220788 BCX0\">Potenciamos la presencia digital de las marcas farmac\u00e9uticas mediante <\/span><\/span><span data-scheme-color=\"@FFFFFF,0,\" data-usefontface=\"true\" data-contrast=\"none\" class=\"TextRun SCXP193220788 BCX0\" xml:lang=\"ES-MX\" lang=\"ES-MX\"><span class=\"NormalTextRun SCXP193220788 BCX0\">plataformas especializadas y estrategias dise\u00f1adas para profesionales de la salud.<\/span><\/span><span class=\"EOP SCXP193220788 BCX0\"><\/span><\/p>\t\t\t\t\t\t<\/div>\n\t\t\t\t<\/div>\n\t\t<\/div><div class=\"elementor-element elementor-element-7a43e1d e-container--column e-container\" data-id=\"7a43e1d\" data-element_type=\"container\">\t\t\t\t<div class=\"elementor-element elementor-element-dc3198b elementor-aspect-ratio-169 elementor-invisible elementor-widget elementor-widget-video\" data-id=\"dc3198b\" data-element_type=\"widget\" data-settings=\"{&quot;autoplay&quot;:&quot;yes&quot;,&quot;play_on_mobile&quot;:&quot;yes&quot;,&quot;mute&quot;:&quot;yes&quot;,&quot;loop&quot;:&quot;yes&quot;,&quot;video_type&quot;:&quot;vimeo&quot;,&quot;_animation&quot;:&quot;fadeIn&quot;,&quot;aspect_ratio&quot;:&quot;169&quot;}\" data-widget_type=\"video.default\">\n\t\t\t\t<div class=\"elementor-widget-container\">\n\t\t\t<style>\/*! elementor - v3.7.8 - 02-10-2022 *\/\n.elementor-widget-video .elementor-widget-container{overflow:hidden;-webkit-transform:translateZ(0);transform:translateZ(0)}.elementor-widget-video .elementor-open-inline .elementor-custom-embed-image-overlay{position:absolute;top:0;left:0;width:100%;height:100%;background-size:cover;background-position:50%}.elementor-widget-video .elementor-custom-embed-image-overlay{cursor:pointer;text-align:center}.elementor-widget-video .elementor-custom-embed-image-overlay:hover .elementor-custom-embed-play i{opacity:1}.elementor-widget-video .elementor-custom-embed-image-overlay img{display:block;width:100%}.elementor-widget-video .e-hosted-video .elementor-video{-o-object-fit:cover;object-fit:cover}.e-container>.elementor-widget-video{width:var(--container-widget-width,100%)}<\/style>\t\t<div class=\"elementor-wrapper elementor-fit-aspect-ratio elementor-open-inline\">\n\t\t\t<iframe class=\"elementor-video-iframe\" allowfullscreen title=\"vimeo Video Player\" src=\"https:\/\/player.vimeo.com\/video\/1168671273?autoplay=1&amp;playsinline=1&amp;color&amp;autopause=0&amp;loop=1&amp;muted=1&amp;title=0&amp;portrait=0&amp;byline=0&amp;h=player#t=\"><\/iframe>\t\t<\/div>\n\t\t\t\t<\/div>\n\t\t\t\t<\/div>\n\t\t\t\t<div class=\"elementor-element elementor-element-07ca82a elementor-widget elementor-widget-image\" data-id=\"07ca82a\" data-element_type=\"widget\" data-widget_type=\"image.default\">\n\t\t\t\t<div class=\"elementor-widget-container\">\n\t\t\t<style>\/*! elementor - v3.7.8 - 02-10-2022 *\/\n.elementor-widget-image{text-align:center}.elementor-widget-image a{display:inline-block}.elementor-widget-image a img[src$=\".svg\"]{width:48px}.elementor-widget-image img{vertical-align:middle;display:inline-block}<\/style>\t\t\t\t\t\t\t\t\t\t\t\t<img decoding=\"async\" src=\"https:\/\/bgixoye.com\/wp-content\/uploads\/elementor\/thumbs\/Asset-1-rjp7jw3tej5r30z3hmjelljvn8laztmc3yu6dx5og0.png?wsr\" title=\"\" alt=\"\" \/>\t\t\t\t\t\t\t\t\t\t\t\t\t\t\t<\/div>\n\t\t\t\t<\/div>\n\t\t<\/div><\/div><\/div><div class=\"elementor-element elementor-element-0fe2f6a e-container--column e-container\" data-id=\"0fe2f6a\" data-element_type=\"container\" data-settings=\"{&quot;background_background&quot;:&quot;classic&quot;}\">\t\t\t\t<div class=\"elementor-element elementor-element-5c33bad elementor-widget elementor-widget-heading\" data-id=\"5c33bad\" data-element_type=\"widget\" data-widget_type=\"heading.default\">\n\t\t\t\t<div class=\"elementor-widget-container\">\n\t\t\t<h2 class=\"elementor-heading-title elementor-size-default\">Lo que hacemos<\/h2>\t\t<\/div>\n\t\t\t\t<\/div>\n\t\t<\/div><div class=\"elementor-element elementor-element-84a4a85 e-container--column e-container\" data-id=\"84a4a85\" data-element_type=\"container\" data-settings=\"{&quot;background_background&quot;:&quot;classic&quot;}\">\t\t<div class=\"elementor-element elementor-element-6d0670b e-container--row e-container\" data-id=\"6d0670b\" data-element_type=\"container\" data-settings=\"{&quot;background_background&quot;:&quot;classic&quot;}\">\t\t<div class=\"elementor-element elementor-element-7022d28 e-container--column elementor-invisible e-container\" data-id=\"7022d28\" data-element_type=\"container\" data-settings=\"{&quot;animation&quot;:&quot;slideInLeft&quot;}\">\t\t\t\t<div class=\"elementor-element elementor-element-4cb4912 elementor-widget elementor-widget-image\" data-id=\"4cb4912\" data-element_type=\"widget\" data-widget_type=\"image.default\">\n\t\t\t\t<div class=\"elementor-widget-container\">\n\t\t\t\t\t\t\t\t\t\t\t\t\t\t\t<img loading=\"lazy\" decoding=\"async\" width=\"750\" height=\"422\" src=\"https:\/\/bgixoye.com\/wp-content\/uploads\/2026\/04\/Ecosistemas-digitales-1024x576.png?wsr\" class=\"attachment-large size-large\" alt=\"\" srcset=\"https:\/\/bgixoye.com\/wp-content\/uploads\/2026\/04\/Ecosistemas-digitales-1024x576.png 1024w, https:\/\/bgixoye.com\/wp-content\/uploads\/2026\/04\/Ecosistemas-digitales-300x169.png 300w, https:\/\/bgixoye.com\/wp-content\/uploads\/2026\/04\/Ecosistemas-digitales-768x432.png 768w, https:\/\/bgixoye.com\/wp-content\/uploads\/2026\/04\/Ecosistemas-digitales-1536x864.png 1536w, https:\/\/bgixoye.com\/wp-content\/uploads\/2026\/04\/Ecosistemas-digitales-18x10.png 18w, https:\/\/bgixoye.com\/wp-content\/uploads\/2026\/04\/Ecosistemas-digitales.png 1920w\" sizes=\"(max-width: 750px) 100vw, 750px\" \/>\t\t\t\t\t\t\t\t\t\t\t\t\t\t\t<\/div>\n\t\t\t\t<\/div>\n\t\t\t\t<div class=\"elementor-element elementor-element-2285c4e elementor-widget elementor-widget-text-editor\" data-id=\"2285c4e\" data-element_type=\"widget\" data-widget_type=\"text-editor.default\">\n\t\t\t\t<div class=\"elementor-widget-container\">\n\t\t\t\t\t\t\t<p><b><span data-scheme-color=\"@FFFFFF,0,\" data-usefontface=\"true\" data-contrast=\"none\" class=\"TextRun SCXP211112196 BCX0\" xml:lang=\"ES-MX\" lang=\"ES-MX\"><span class=\"NormalTextRun SCXP211112196 BCX0\">Ecosistemas Digitales para la industria farmac\u00e9utica<\/span><\/span><span class=\"EOP SCXP211112196 BCX0\">\u200b<\/span><\/b><\/p>\t\t\t\t\t\t<\/div>\n\t\t\t\t<\/div>\n\t\t\t\t<div class=\"elementor-element elementor-element-3eb9caf elementor-widget elementor-widget-text-editor\" data-id=\"3eb9caf\" data-element_type=\"widget\" data-widget_type=\"text-editor.default\">\n\t\t\t\t<div class=\"elementor-widget-container\">\n\t\t\t\t\t\t\t<p><br \/>\u2022 Landing pages y micrositios educativos para profesionales de la salud<br \/>\u2022 Integraci\u00f3n de herramientas interactivas (calculadoras, casos cl\u00ednicos, evaluaciones)<br \/>\u2022 Hubs de contenido cient\u00edfico<\/p>\t\t\t\t\t\t<\/div>\n\t\t\t\t<\/div>\n\t\t<\/div><div class=\"elementor-element elementor-element-9d4f834 e-container--column elementor-invisible e-container\" data-id=\"9d4f834\" data-element_type=\"container\" data-settings=\"{&quot;animation&quot;:&quot;slideInRight&quot;}\">\t\t\t\t<div class=\"elementor-element elementor-element-1f17c74 elementor-widget elementor-widget-image\" data-id=\"1f17c74\" data-element_type=\"widget\" data-widget_type=\"image.default\">\n\t\t\t\t<div class=\"elementor-widget-container\">\n\t\t\t\t\t\t\t\t\t\t\t\t\t\t\t<img loading=\"lazy\" decoding=\"async\" width=\"750\" height=\"422\" src=\"https:\/\/bgixoye.com\/wp-content\/uploads\/2026\/04\/Email-maketing-y-whatsapp-1024x576.png?wsr\" class=\"attachment-large size-large\" alt=\"\" srcset=\"https:\/\/bgixoye.com\/wp-content\/uploads\/2026\/04\/Email-maketing-y-whatsapp-1024x576.png 1024w, https:\/\/bgixoye.com\/wp-content\/uploads\/2026\/04\/Email-maketing-y-whatsapp-300x169.png 300w, https:\/\/bgixoye.com\/wp-content\/uploads\/2026\/04\/Email-maketing-y-whatsapp-768x432.png 768w, https:\/\/bgixoye.com\/wp-content\/uploads\/2026\/04\/Email-maketing-y-whatsapp-1536x864.png 1536w, https:\/\/bgixoye.com\/wp-content\/uploads\/2026\/04\/Email-maketing-y-whatsapp-18x10.png 18w, https:\/\/bgixoye.com\/wp-content\/uploads\/2026\/04\/Email-maketing-y-whatsapp.png 1920w\" sizes=\"(max-width: 750px) 100vw, 750px\" \/>\t\t\t\t\t\t\t\t\t\t\t\t\t\t\t<\/div>\n\t\t\t\t<\/div>\n\t\t\t\t<div class=\"elementor-element elementor-element-7c0c4b7 elementor-widget elementor-widget-text-editor\" data-id=\"7c0c4b7\" data-element_type=\"widget\" data-widget_type=\"text-editor.default\">\n\t\t\t\t<div class=\"elementor-widget-container\">\n\t\t\t\t\t\t\t<p><b><span data-scheme-color=\"@FFFFFF,0,\" data-usefontface=\"true\" data-contrast=\"none\" class=\"TextRun SCXP104315670 BCX0\" xml:lang=\"ES-MX\" lang=\"ES-MX\"><span class=\"NormalTextRun SCXP104315670 BCX0\">Ecosistemas de difusi\u00f3n para profesionales de la salud<\/span><\/span><span class=\"EOP SCXP104315670 BCX0\">\u200b<\/span><\/b><\/p>\t\t\t\t\t\t<\/div>\n\t\t\t\t<\/div>\n\t\t\t\t<div class=\"elementor-element elementor-element-4b6ee7c elementor-widget elementor-widget-text-editor\" data-id=\"4b6ee7c\" data-element_type=\"widget\" data-widget_type=\"text-editor.default\">\n\t\t\t\t<div class=\"elementor-widget-container\">\n\t\t\t\t\t\t\t<p>\u2022 <span data-scheme-color=\"@FFFFFF,0,\" data-usefontface=\"true\" data-contrast=\"none\">Campa\u00f1as de Email marketing<br \/><\/span>\u2022 Campa\u00f1as de Whatsapp API<\/p>\t\t\t\t\t\t<\/div>\n\t\t\t\t<\/div>\n\t\t<\/div><\/div><div class=\"elementor-element elementor-element-fa5f92b e-container--column e-container\" data-id=\"fa5f92b\" data-element_type=\"container\">\t\t<div class=\"elementor-element elementor-element-83cde3f e-container--column elementor-invisible e-container\" data-id=\"83cde3f\" data-element_type=\"container\" data-settings=\"{&quot;animation&quot;:&quot;slideInUp&quot;}\">\t\t\t\t<div class=\"elementor-element elementor-element-6eb64d5 elementor-widget elementor-widget-image\" data-id=\"6eb64d5\" data-element_type=\"widget\" data-widget_type=\"image.default\">\n\t\t\t\t<div class=\"elementor-widget-container\">\n\t\t\t\t\t\t\t\t\t\t\t\t\t\t\t<img loading=\"lazy\" decoding=\"async\" width=\"750\" height=\"422\" src=\"https:\/\/bgixoye.com\/wp-content\/uploads\/2026\/04\/Analisis-campanas--1024x576.png?wsr\" class=\"attachment-large size-large\" alt=\"\" srcset=\"https:\/\/bgixoye.com\/wp-content\/uploads\/2026\/04\/Analisis-campanas--1024x576.png 1024w, https:\/\/bgixoye.com\/wp-content\/uploads\/2026\/04\/Analisis-campanas--300x169.png 300w, https:\/\/bgixoye.com\/wp-content\/uploads\/2026\/04\/Analisis-campanas--768x432.png 768w, https:\/\/bgixoye.com\/wp-content\/uploads\/2026\/04\/Analisis-campanas--1536x864.png 1536w, https:\/\/bgixoye.com\/wp-content\/uploads\/2026\/04\/Analisis-campanas--18x10.png 18w, https:\/\/bgixoye.com\/wp-content\/uploads\/2026\/04\/Analisis-campanas-.png 1920w\" sizes=\"(max-width: 750px) 100vw, 750px\" \/>\t\t\t\t\t\t\t\t\t\t\t\t\t\t\t<\/div>\n\t\t\t\t<\/div>\n\t\t\t\t<div class=\"elementor-element elementor-element-c55aa05 elementor-widget elementor-widget-text-editor\" data-id=\"c55aa05\" data-element_type=\"widget\" data-widget_type=\"text-editor.default\">\n\t\t\t\t<div class=\"elementor-widget-container\">\n\t\t\t\t\t\t\t<p><b><span data-scheme-color=\"@FFFFFF,0,\" data-usefontface=\"true\" data-contrast=\"none\" class=\"TextRun SCXP104315670 BCX0\" xml:lang=\"ES-MX\" lang=\"ES-MX\"><span class=\"NormalTextRun SCXP104315670 BCX0\"><span data-scheme-color=\"@FFFFFF,0,\" data-usefontface=\"true\" data-contrast=\"none\" class=\"TextRun SCXP157988310 BCX0\" xml:lang=\"ES-MX\" lang=\"ES-MX\"><span class=\"NormalTextRun SCXP157988310 BCX0\">Medici\u00f3n, anal\u00edtica y optimizaci\u00f3n<\/span><\/span><\/span><\/span><\/b><\/p>\t\t\t\t\t\t<\/div>\n\t\t\t\t<\/div>\n\t\t\t\t<div class=\"elementor-element elementor-element-d9b67d9 elementor-widget elementor-widget-text-editor\" data-id=\"d9b67d9\" data-element_type=\"widget\" data-widget_type=\"text-editor.default\">\n\t\t\t\t<div class=\"elementor-widget-container\">\n\t\t\t\t\t\t\t<p>\u2022 <span data-scheme-color=\"@FFFFFF,0,\" data-usefontface=\"true\" data-contrast=\"none\"><span data-scheme-color=\"@FFFFFF,0,\" data-usefontface=\"true\" data-contrast=\"none\" class=\"TextRun SCXP96450288 BCX0\" xml:lang=\"ES-MX\" lang=\"ES-MX\"><span class=\"NormalTextRun SCXP96450288 BCX0\">M\u00e9tricas de engagement y consumo de contenido cient\u00edfico<\/span><\/span><br \/><\/span>\u2022 <span data-scheme-color=\"@FFFFFF,0,\" data-usefontface=\"true\" data-contrast=\"none\">An\u00e1lisis de desempe\u00f1o por campa\u00f1a y canal<br \/>\u2022 R<\/span><span data-scheme-color=\"@FFFFFF,0,\" data-usefontface=\"true\" data-contrast=\"none\">eportes accionables para equipos de marketing y medical affairs<\/span>\u200b<\/p><p><span data-scheme-color=\"@FFFFFF,0,\" data-usefontface=\"true\" data-contrast=\"none\"><\/span>\u200b<\/p>\t\t\t\t\t\t<\/div>\n\t\t\t\t<\/div>\n\t\t<\/div><\/div><\/div><div class=\"elementor-element elementor-element-4f112d2 e-container--column e-container\" data-id=\"4f112d2\" data-element_type=\"container\" data-settings=\"{&quot;background_background&quot;:&quot;classic&quot;}\">\t\t\t\t<div class=\"elementor-element elementor-element-d232d0f elementor-widget elementor-widget-text-editor\" data-id=\"d232d0f\" data-element_type=\"widget\" data-widget_type=\"text-editor.default\">\n\t\t\t\t<div class=\"elementor-widget-container\">\n\t\t\t\t\t\t\t<p>\u00bfListo para generar impacto en la comunidad m\u00e9dica?<\/p>\t\t\t\t\t\t<\/div>\n\t\t\t\t<\/div>\n\t\t<div class=\"elementor-element elementor-element-23e9833 e-container--row e-container\" data-id=\"23e9833\" data-element_type=\"container\">\t\t\t\t<div class=\"elementor-element elementor-element-3e7cb6a elementor-widget elementor-widget-image\" data-id=\"3e7cb6a\" data-element_type=\"widget\" data-widget_type=\"image.default\">\n\t\t\t\t<div class=\"elementor-widget-container\">\n\t\t\t\t\t\t\t\t\t\t\t\t\t\t\t\t<a href=\"https:\/\/outlook.office.com\/book\/AsesoriasobrelosserviciosdeIXOYE@bgixoye.com\/?ismsaljsauthenabled\" target=\"_blank\">\n\t\t\t\t\t\t\t<img loading=\"lazy\" decoding=\"async\" width=\"300\" height=\"113\" src=\"https:\/\/bgixoye.com\/wp-content\/uploads\/2026\/02\/boton2-2-300x113.png\" class=\"attachment-medium size-medium\" alt=\"\" srcset=\"https:\/\/bgixoye.com\/wp-content\/uploads\/2026\/02\/boton2-2-300x113.png 300w, https:\/\/bgixoye.com\/wp-content\/uploads\/2026\/02\/boton2-2-18x7.png 18w, https:\/\/bgixoye.com\/wp-content\/uploads\/2026\/02\/boton2-2.png 664w\" sizes=\"(max-width: 300px) 100vw, 300px\" \/>\t\t\t\t\t\t\t\t<\/a>\n\t\t\t\t\t\t\t\t\t\t\t\t\t\t\t<\/div>\n\t\t\t\t<\/div>\n\t\t\t\t<div class=\"elementor-element elementor-element-985dcca elementor-widget elementor-widget-image\" data-id=\"985dcca\" data-element_type=\"widget\" data-widget_type=\"image.default\">\n\t\t\t\t<div class=\"elementor-widget-container\">\n\t\t\t\t\t\t\t\t\t\t\t\t\t\t\t\t<a href=\"https:\/\/bgixoye.com\/eng\/26contacto\/\">\n\t\t\t\t\t\t\t<img loading=\"lazy\" decoding=\"async\" width=\"300\" height=\"113\" src=\"https:\/\/bgixoye.com\/wp-content\/uploads\/2026\/02\/boton4-300x113.png\" class=\"attachment-medium size-medium\" alt=\"\" srcset=\"https:\/\/bgixoye.com\/wp-content\/uploads\/2026\/02\/boton4-300x113.png 300w, https:\/\/bgixoye.com\/wp-content\/uploads\/2026\/02\/boton4-18x7.png 18w, https:\/\/bgixoye.com\/wp-content\/uploads\/2026\/02\/boton4.png 664w\" sizes=\"(max-width: 300px) 100vw, 300px\" \/>\t\t\t\t\t\t\t\t<\/a>\n\t\t\t\t\t\t\t\t\t\t\t\t\t\t\t<\/div>\n\t\t\t\t<\/div>\n\t\t<\/div><\/div>\t\t\t\t\t<\/div>","protected":false},"excerpt":{"rendered":"<p>Ecosistemas Digitales para la Industria Farmac\u00e9utica Potenciamos la presencia digital de las marcas farmac\u00e9uticas mediante plataformas especializadas y estrategias dise\u00f1adas para profesionales de la salud. https:\/\/vimeo.com\/manage\/videos\/1168671273\/player Lo que hacemos Ecosistemas Digitales para la industria farmac\u00e9utica\u200b \u2022 Landing pages y micrositios educativos para profesionales de la salud\u2022 Integraci\u00f3n de herramientas interactivas [&hellip;]<\/p>","protected":false},"author":1,"featured_media":0,"parent":0,"menu_order":0,"comment_status":"closed","ping_status":"closed","template":"page-templates\/template-pagebuilder-full-width.php","meta":{"footnotes":""},"yoast_head":"<!-- This site is optimized with the Yoast SEO plugin v20.0 - https:\/\/yoast.com\/wordpress\/plugins\/seo\/ -->\n<title>Ecosistemas Digitales dirigidos a profesionales de la salud \/\/ Ixoye<\/title>\n<meta name=\"description\" content=\"Ecosistemas Digitales para la industria farmac\u00e9utica\" \/>\n<meta name=\"robots\" content=\"index, follow, max-snippet:-1, max-image-preview:large, max-video-preview:-1\" \/>\n<link rel=\"canonical\" href=\"https:\/\/bgixoye.com\/eng\/ecosistemas-digitales\/\" \/>\n<meta property=\"og:locale\" content=\"en_US\" \/>\n<meta property=\"og:type\" content=\"article\" \/>\n<meta property=\"og:title\" content=\"Ecosistemas Digitales dirigidos a profesionales de la salud \/\/ Ixoye\" \/>\n<meta property=\"og:description\" content=\"Ecosistemas Digitales para la industria farmac\u00e9utica\" \/>\n<meta property=\"og:url\" content=\"https:\/\/bgixoye.com\/eng\/ecosistemas-digitales\/\" \/>\n<meta property=\"og:site_name\" content=\"IXOYE\" \/>\n<meta property=\"article:modified_time\" content=\"2026-04-10T22:20:55+00:00\" \/>\n<meta property=\"og:image\" content=\"https:\/\/bgixoye.com\/wp-content\/uploads\/elementor\/thumbs\/Asset-1-rjp7jw3tej5r30z3hmjelljvn8laztmc3yu6dx5og0.png?wsr\" \/>\n<meta name=\"twitter:card\" content=\"summary_large_image\" \/>\n<meta name=\"twitter:label1\" content=\"Est. reading time\" \/>\n\t<meta name=\"twitter:data1\" content=\"1 minute\" \/>\n<script type=\"application\/ld+json\" class=\"yoast-schema-graph\">{\"@context\":\"https:\/\/schema.org\",\"@graph\":[{\"@type\":\"WebPage\",\"@id\":\"https:\/\/bgixoye.com\/ecosistemas-digitales\/\",\"url\":\"https:\/\/bgixoye.com\/ecosistemas-digitales\/\",\"name\":\"Ecosistemas Digitales dirigidos a profesionales de la salud \/\/ Ixoye\",\"isPartOf\":{\"@id\":\"https:\/\/bgixoye.com\/#website\"},\"datePublished\":\"2026-02-26T17:48:57+00:00\",\"dateModified\":\"2026-04-10T22:20:55+00:00\",\"description\":\"Ecosistemas Digitales para la industria farmac\u00e9utica\",\"breadcrumb\":{\"@id\":\"https:\/\/bgixoye.com\/ecosistemas-digitales\/#breadcrumb\"},\"inLanguage\":\"en-US\",\"potentialAction\":[{\"@type\":\"ReadAction\",\"target\":[\"https:\/\/bgixoye.com\/ecosistemas-digitales\/\"]}]},{\"@type\":\"BreadcrumbList\",\"@id\":\"https:\/\/bgixoye.com\/ecosistemas-digitales\/#breadcrumb\",\"itemListElement\":[{\"@type\":\"ListItem\",\"position\":1,\"name\":\"Home\",\"item\":\"https:\/\/bgixoye.com\/\"},{\"@type\":\"ListItem\",\"position\":2,\"name\":\"2026 Ecosistemas digitales\"}]},{\"@type\":\"WebSite\",\"@id\":\"https:\/\/bgixoye.com\/#website\",\"url\":\"https:\/\/bgixoye.com\/\",\"name\":\"IXOYE\",\"description\":\"\",\"publisher\":{\"@id\":\"https:\/\/bgixoye.com\/#organization\"},\"potentialAction\":[{\"@type\":\"SearchAction\",\"target\":{\"@type\":\"EntryPoint\",\"urlTemplate\":\"https:\/\/bgixoye.com\/?s={search_term_string}\"},\"query-input\":\"required name=search_term_string\"}],\"inLanguage\":\"en-US\"},{\"@type\":\"Organization\",\"@id\":\"https:\/\/bgixoye.com\/#organization\",\"name\":\"IXOYE\",\"url\":\"https:\/\/bgixoye.com\/\",\"logo\":{\"@type\":\"ImageObject\",\"inLanguage\":\"en-US\",\"@id\":\"https:\/\/bgixoye.com\/#\/schema\/logo\/image\/\",\"url\":\"https:\/\/bgixoye.com\/wp-content\/uploads\/2022\/10\/ixoye.png?wsr\",\"contentUrl\":\"https:\/\/bgixoye.com\/wp-content\/uploads\/2022\/10\/ixoye.png?wsr\",\"width\":160,\"height\":71,\"caption\":\"IXOYE\"},\"image\":{\"@id\":\"https:\/\/bgixoye.com\/#\/schema\/logo\/image\/\"}}]}<\/script>\n<!-- \/ Yoast SEO plugin. -->","yoast_head_json":{"title":"Ecosistemas Digitales dirigidos a profesionales de la salud \/\/ Ixoye","description":"Ecosistemas Digitales para la industria farmac\u00e9utica","robots":{"index":"index","follow":"follow","max-snippet":"max-snippet:-1","max-image-preview":"max-image-preview:large","max-video-preview":"max-video-preview:-1"},"canonical":"https:\/\/bgixoye.com\/eng\/ecosistemas-digitales\/","og_locale":"en_US","og_type":"article","og_title":"Ecosistemas Digitales dirigidos a profesionales de la salud \/\/ Ixoye","og_description":"Ecosistemas Digitales para la industria farmac\u00e9utica","og_url":"https:\/\/bgixoye.com\/eng\/ecosistemas-digitales\/","og_site_name":"IXOYE","article_modified_time":"2026-04-10T22:20:55+00:00","og_image":[{"url":"https:\/\/bgixoye.com\/wp-content\/uploads\/elementor\/thumbs\/Asset-1-rjp7jw3tej5r30z3hmjelljvn8laztmc3yu6dx5og0.png?wsr"}],"twitter_card":"summary_large_image","twitter_misc":{"Est. reading time":"1 minute"},"schema":{"@context":"https:\/\/schema.org","@graph":[{"@type":"WebPage","@id":"https:\/\/bgixoye.com\/ecosistemas-digitales\/","url":"https:\/\/bgixoye.com\/ecosistemas-digitales\/","name":"Ecosistemas Digitales dirigidos a profesionales de la salud \/\/ Ixoye","isPartOf":{"@id":"https:\/\/bgixoye.com\/#website"},"datePublished":"2026-02-26T17:48:57+00:00","dateModified":"2026-04-10T22:20:55+00:00","description":"Ecosistemas Digitales para la industria farmac\u00e9utica","breadcrumb":{"@id":"https:\/\/bgixoye.com\/ecosistemas-digitales\/#breadcrumb"},"inLanguage":"en-US","potentialAction":[{"@type":"ReadAction","target":["https:\/\/bgixoye.com\/ecosistemas-digitales\/"]}]},{"@type":"BreadcrumbList","@id":"https:\/\/bgixoye.com\/ecosistemas-digitales\/#breadcrumb","itemListElement":[{"@type":"ListItem","position":1,"name":"Home","item":"https:\/\/bgixoye.com\/"},{"@type":"ListItem","position":2,"name":"2026 Ecosistemas digitales"}]},{"@type":"WebSite","@id":"https:\/\/bgixoye.com\/#website","url":"https:\/\/bgixoye.com\/","name":"IXOYE","description":"","publisher":{"@id":"https:\/\/bgixoye.com\/#organization"},"potentialAction":[{"@type":"SearchAction","target":{"@type":"EntryPoint","urlTemplate":"https:\/\/bgixoye.com\/?s={search_term_string}"},"query-input":"required name=search_term_string"}],"inLanguage":"en-US"},{"@type":"Organization","@id":"https:\/\/bgixoye.com\/#organization","name":"IXOYE","url":"https:\/\/bgixoye.com\/","logo":{"@type":"ImageObject","inLanguage":"en-US","@id":"https:\/\/bgixoye.com\/#\/schema\/logo\/image\/","url":"https:\/\/bgixoye.com\/wp-content\/uploads\/2022\/10\/ixoye.png?wsr","contentUrl":"https:\/\/bgixoye.com\/wp-content\/uploads\/2022\/10\/ixoye.png?wsr","width":160,"height":71,"caption":"IXOYE"},"image":{"@id":"https:\/\/bgixoye.com\/#\/schema\/logo\/image\/"}}]}},"_links":{"self":[{"href":"https:\/\/bgixoye.com\/eng\/wp-json\/wp\/v2\/pages\/9008"}],"collection":[{"href":"https:\/\/bgixoye.com\/eng\/wp-json\/wp\/v2\/pages"}],"about":[{"href":"https:\/\/bgixoye.com\/eng\/wp-json\/wp\/v2\/types\/page"}],"author":[{"embeddable":true,"href":"https:\/\/bgixoye.com\/eng\/wp-json\/wp\/v2\/users\/1"}],"replies":[{"embeddable":true,"href":"https:\/\/bgixoye.com\/eng\/wp-json\/wp\/v2\/comments?post=9008"}],"version-history":[{"count":100,"href":"https:\/\/bgixoye.com\/eng\/wp-json\/wp\/v2\/pages\/9008\/revisions"}],"predecessor-version":[{"id":10236,"href":"https:\/\/bgixoye.com\/eng\/wp-json\/wp\/v2\/pages\/9008\/revisions\/10236"}],"wp:attachment":[{"href":"https:\/\/bgixoye.com\/eng\/wp-json\/wp\/v2\/media?parent=9008"}],"curies":[{"name":"wp","href":"https:\/\/api.w.org\/{rel}","templated":true}]}}